{"id":638,"date":"2019-09-18T23:06:54","date_gmt":"2019-09-18T21:06:54","guid":{"rendered":"http:\/\/przedszkole.kosowlacki.pl\/wordpress\/?page_id=638"},"modified":"2019-09-18T23:06:54","modified_gmt":"2019-09-18T21:06:54","slug":"kreseczka-tu-kreseczka-tam","status":"publish","type":"page","link":"http:\/\/przedszkole.kosowlacki.pl\/wordpress\/kreseczka-tu-kreseczka-tam\/","title":{"rendered":"\u201eKreseczka tu, kreseczka tam\u201d"},"content":{"rendered":"<p><img loading=\"lazy\" class=\"alignright wp-image-639\" src=\"http:\/\/przedszkole.kosowlacki.pl\/wordpress\/wp-content\/uploads\/2019\/09\/kreseczka.jpg\" alt=\"\" width=\"350\" height=\"233\" srcset=\"http:\/\/przedszkole.kosowlacki.pl\/wordpress\/wp-content\/uploads\/2019\/09\/kreseczka.jpg 600w, http:\/\/przedszkole.kosowlacki.pl\/wordpress\/wp-content\/uploads\/2019\/09\/kreseczka-300x200.jpg 300w\" sizes=\"(max-width: 350px) 100vw, 350px\" \/>Dzia\u0142alno\u015b\u0107 plastyczno-konstrukcyjna jest jedn\u0105 z form wyzwalania ekspresji dzieci, a tak\u017ce wra\u017cliwo\u015bci estetycznej, wzrusze\u0144 i prze\u017cy\u0107. Rozwija ona tw\u00f3rcz\u0105 inicjatyw\u0119 dziecka, pomys\u0142owo\u015b\u0107, wiar\u0119 we w\u0142asne si\u0142y, a wi\u0119c cechy, kt\u00f3re s\u0105 bardzo wa\u017cne w \u017cyciu. R\u00f3wnocze\u015bnie pobudza rozw\u00f3j umys\u0142owy i emocjonalny, usprawnia r\u0119ce dzieci, stwarza mo\u017cliwo\u015bci ich artystycznych, technicznych i spo\u0142ecznych do\u015bwiadcze\u0144. Dzieci z natury swej s\u0105 aktywne, kreatywne, ciekawe \u015bwiata i dlatego te cechy nale\u017cy w nich piel\u0119gnowa\u0107 i rozwija\u0107 gdy\u017c w przesz\u0142o\u015bci pozwoli im to by\u0107 radosnymi, szcz\u0119\u015bliwymi, pewnymi siebie lud\u017ami. W pracach dzieci wida\u0107 du\u017co ruchu, dynamiki, niepokoju i potrzeby odreagowania napi\u0119\u0107. Zygzaki, kreski rysowane przez dzieci to ich rado\u015bci oraz smutki. Obserwuj\u0105c, poznaj\u0105c i badaj\u0105c pragn\u0105 spontanicznie wyra\u017ca\u0107 swe my\u015bli, emocje i prze\u017cycia. \u00a0W dzisiejszych czasach, gdy kolorowanki, komputery i programy multimedialne zdominowa\u0142y \u015bwiat przedszkolak\u00f3w, ma\u0142o uczy si\u0119 dzieci stawiania kreski, rysowania, malowania, wycinania. A przecie\u017c to rysunek pozwala dzieciom wyrazi\u0107 si\u0119 w pe\u0142ni i oswoi\u0107 z czyst\u0105 kartk\u0105. Dlatego szczeg\u00f3lnie celowe i potrzebne staje si\u0119 prowadzenie ciekawych zaj\u0119\u0107 plastycznych ju\u017c od najm\u0142odszych lat przedszkolnych. Z naszych pedagogicznych obserwacji wynika tak\u017ce, i\u017c dzieci rozpoczynaj\u0105ce edukacj\u0119 przedszkoln\u0105 wykazuj\u0105 si\u0119 stosunkowo s\u0142ab\u0105 sprawno\u015bci\u0105 manualn\u0105. Mimo realizowanych zada\u0144 w ci\u0105gu edukacji przedszkolnej zauwa\u017camy niski poziom umiej\u0119tno\u015bci manualnych, nieprawid\u0142owy rozw\u00f3j motoryki ma\u0142ej, a tak\u017ce nieprawid\u0142owy chwyt narz\u0119dzia pisarskiego. Innowacja pedagogiczna pt. \u201eKreseczka tu, kreseczka tam\u201d b\u0119dzie doskona\u0142ym kluczem do realizacji wizji naszego przedszkola. Dzieciom podoba si\u0119 to co przynosi im rado\u015b\u0107, wywo\u0142uje mi\u0142e wra\u017cenia, kt\u00f3re pobudzaj\u0105 je emocjonalnie i wi\u0105\u017c\u0105 uczuciowo z otoczeniem. Dlatego tak wa\u017cn\u0105 rzecz\u0105 jest zapewnienie dzieciom sta\u0142ego dost\u0119pu do sztuki oraz mo\u017cliwo\u015bci jak najcz\u0119stszego wypowiadania si\u0119 przez tw\u00f3rczo\u015b\u0107. Dzi\u0119ki tej innowacji dzieci uczestnicz\u0105c w ciekawych zaj\u0119ciach plastycznych, konstrukcyjnych odkryj\u0105 i rozwin\u0105 z pomoc\u0105 nauczyciela drzemi\u0105ce w nich talenty. Prace plastyczne wykonane przez dzieci pozwol\u0105 im odczu\u0107 sukces, kt\u00f3ry wzmocni poczucie w\u0142asnej warto\u015bci i zmotywuje do dalszej pracy. Wprowadzenie innowacji pt. \u201eKreseczka tu, kreseczka tam\u201d do pracy wychowawczo- dydaktycznej przedszkola rozbudzi w dzieciach zainteresowania i uzdolnienia plastyczne, wyzwoli w nich zaanga\u017cowanie tw\u00f3rcze, \u015bmia\u0142o\u015b\u0107, otwarto\u015b\u0107 oraz wiar\u0119 we w\u0142asne mo\u017cliwo\u015bci. Przyczyni si\u0119 to do wszechstronnego rozwoju. Zabawa z ,,kartk\u0105, o\u0142\u00f3wkiem, kredk\u0105, p\u0119dzlem, klockami \u2026\u201d przygotuje dziecko do podj\u0119cia nauki pisania w szkole, rozwinie umiej\u0119tno\u015bci wypowiadania si\u0119 w formie pracy plastycznej, konstrukcyjnej.<\/p>\n","protected":false},"excerpt":{"rendered":"<p>Dzia\u0142alno\u015b\u0107 plastyczno-konstrukcyjna jest jedn\u0105 z form wyzwalania ekspresji dzieci, a tak\u017ce wra\u017cliwo\u015bci estetycznej, wzrusze\u0144 i prze\u017cy\u0107. Rozwija ona tw\u00f3rcz\u0105 inicjatyw\u0119 dziecka, pomys\u0142owo\u015b\u0107, wiar\u0119 we w\u0142asne si\u0142y, a wi\u0119c cechy, kt\u00f3re s\u0105 bardzo wa\u017cne w \u017cyciu. R\u00f3wnocze\u015bnie pobudza rozw\u00f3j umys\u0142owy i emocjonalny, usprawnia r\u0119ce dzieci, stwarza mo\u017cliwo\u015bci ich artystycznych, technicznych i spo\u0142ecznych do\u015bwiadcze\u0144. Dzieci z natury&hellip; <br \/> <a class=\"read-more\" href=\"http:\/\/przedszkole.kosowlacki.pl\/wordpress\/kreseczka-tu-kreseczka-tam\/\">Read more<\/a><\/p>\n","protected":false},"author":1,"featured_media":0,"parent":0,"menu_order":0,"comment_status":"closed","ping_status":"closed","template":"","meta":[],"_links":{"self":[{"href":"http:\/\/przedszkole.kosowlacki.pl\/wordpress\/wp-json\/wp\/v2\/pages\/638"}],"collection":[{"href":"http:\/\/przedszkole.kosowlacki.pl\/wordpress\/wp-json\/wp\/v2\/pages"}],"about":[{"href":"http:\/\/przedszkole.kosowlacki.pl\/wordpress\/wp-json\/wp\/v2\/types\/page"}],"author":[{"embeddable":true,"href":"http:\/\/przedszkole.kosowlacki.pl\/wordpress\/wp-json\/wp\/v2\/users\/1"}],"replies":[{"embeddable":true,"href":"http:\/\/przedszkole.kosowlacki.pl\/wordpress\/wp-json\/wp\/v2\/comments?post=638"}],"version-history":[{"count":1,"href":"http:\/\/przedszkole.kosowlacki.pl\/wordpress\/wp-json\/wp\/v2\/pages\/638\/revisions"}],"predecessor-version":[{"id":640,"href":"http:\/\/przedszkole.kosowlacki.pl\/wordpress\/wp-json\/wp\/v2\/pages\/638\/revisions\/640"}],"wp:attachment":[{"href":"http:\/\/przedszkole.kosowlacki.pl\/wordpress\/wp-json\/wp\/v2\/media?parent=638"}],"curies":[{"name":"wp","href":"https:\/\/api.w.org\/{rel}","templated":true}]}}