{"id":615,"date":"2019-09-18T22:15:45","date_gmt":"2019-09-18T20:15:45","guid":{"rendered":"http:\/\/przedszkole.kosowlacki.pl\/wordpress\/?page_id=615"},"modified":"2019-09-18T22:15:55","modified_gmt":"2019-09-18T20:15:55","slug":"bezpieczny-przedszkolak","status":"publish","type":"page","link":"http:\/\/przedszkole.kosowlacki.pl\/wordpress\/o-przedszkolu\/programy\/bezpieczny-przedszkolak\/","title":{"rendered":"Bezpieczny przedszkolak"},"content":{"rendered":"<p><img loading=\"lazy\" class=\"alignright wp-image-616\" src=\"http:\/\/przedszkole.kosowlacki.pl\/wordpress\/wp-content\/uploads\/2019\/09\/zebra.jpg\" alt=\"\" width=\"300\" height=\"300\" srcset=\"http:\/\/przedszkole.kosowlacki.pl\/wordpress\/wp-content\/uploads\/2019\/09\/zebra.jpg 900w, http:\/\/przedszkole.kosowlacki.pl\/wordpress\/wp-content\/uploads\/2019\/09\/zebra-150x150.jpg 150w, http:\/\/przedszkole.kosowlacki.pl\/wordpress\/wp-content\/uploads\/2019\/09\/zebra-300x300.jpg 300w, http:\/\/przedszkole.kosowlacki.pl\/wordpress\/wp-content\/uploads\/2019\/09\/zebra-768x768.jpg 768w\" sizes=\"(max-width: 300px) 100vw, 300px\" \/>Dzieci z naszego przedszkola kolejny ju\u017c rok b\u0119d\u0105 uczestniczy\u0142y w realizacji programu autorskiego pt. \u201eBezpieczny przedszkolak.\u201d W programie wezm\u0105 udzia\u0142 dzieci w wieku przedszkolnym 3-6 lat .<\/p>\n<p>Wiek przedszkolny to czas intensywnego rozwoju fizycznego i umys\u0142owego dziecka. Ju\u017c od najm\u0142odszych lat dzieci wprowadzane s\u0105 w \u015bwiat warto\u015bci dotycz\u0105cych bezpiecze\u0144stwa. W tym czasie chcieli\u015bmy nie tylko zapozna\u0107 dzieci z niebezpiecze\u0144stwami im gro\u017c\u0105cymi, ale przede wszystkim utrwala\u0107 u nich postawy i zachowania daj\u0105ce im poczucie bezpiecze\u0144stwa. Podejmuj\u0105c zadania edukacyjne ku bezpiecze\u0144stwu dziecka, wa\u017cne jest zapoznanie dzieci ze sposobem radzenia sobie w sytuacjach trudnych, zagra\u017caj\u0105cych zdrowiu i bezpiecze\u0144stwu, wzbudzenie w nich czujno\u015bci w celu zapobiegania powstawaniu zagro\u017ce\u0144, a zatem pragniemy wyposa\u017cy\u0107 dzieci w wiedz\u0119, umiej\u0119tno\u015bci i nawyki bezpiecznego post\u0119powania w \u017cyciu codziennym.<\/p>\n<p>Tych zagro\u017ce\u0144 mo\u017ce by\u0107 wiele. Najpowa\u017cniejsze to te, kt\u00f3re zwi\u0105zane s\u0105 z bezpiecze\u0144stwem na drodze z i do przedszkola, domu jak r\u00f3wnie\u017c zagro\u017cenia odnosz\u0105ce si\u0119 do mo\u017cliwo\u015bci stania si\u0119 ofiar\u0105 przest\u0119pstwa o charakterze kryminalnym. Nie mo\u017cna zapomnie\u0107 o zagro\u017ceniach po\u017carowych, dotycz\u0105cych niebezpiecze\u0144stw zwierz\u0105t, czy tych p\u0142yn\u0105cych z zabawy w niew\u0142a\u015bciwym miejscu.<\/p>\n<p>Dzieci w wieku przedszkolnym s\u0105 bardzo podatne na przyswojenie prawid\u0142owych nawyk\u00f3w i odpowiednich przyzwyczaje\u0144. Cz\u0119sto w\u0142a\u015bnie w\u0142asnym przyk\u0142adem dajemy dzieciom wzorzec prawid\u0142owych postaw wp\u0142ywaj\u0105cych na ich bezpiecze\u0144stwo.<\/p>\n<p>Podczas realizacji programu zostan\u0105 podj\u0119te nast\u0119puj\u0105ce dzia\u0142ania:<\/p>\n<ol>\n<li>Dzieci zostan\u0105 zapoznane z zasadami bezpiecznego poruszania si\u0119 w przedszkolu, poznaj\u0105 i utrwal\u0105 zasady bezpiecze\u0144stwa i higieny. Nauczycielki zapoznaj\u0105 przedszkolaki z placem zabaw i jego przeznaczeniem, zasadami bezpiecznej zabawy w przedszkolnym ogrodzie.<\/li>\n<li>Wszystkie grupy b\u0119d\u0105 tworzy\u0142y \u201eKodeksy przedszkolaka\u201d, w kt\u00f3rych znajd\u0105 si\u0119 normy zachowania i zasady post\u0119powania dla dzieci.<\/li>\n<li>Nauczyciele b\u0119d\u0105 realizowa\u0107 tematy kompleksowe poruszaj\u0105ce tematyk\u0119 bezpiecze\u0144stwa w przedszkolu i w drodze do przedszkola. Omawiane b\u0119d\u0105 zasady ruchu drogowego, zasady poruszania si\u0119 pieszych po ulicy oraz w\u0142a\u015bciwe zasady sygnalizacji \u015bwietlnej, dzieci dowiedz\u0105 si\u0119, w jakich miejscach mo\u017cna bezpiecznie przej\u015b\u0107 na drug\u0105 stron\u0119 jezdni.<\/li>\n<li>Podczas zaj\u0119\u0107 na bie\u017c\u0105co realizowana b\u0119dzie tematyka wynikaj\u0105c\u0105 z podstawy programowej, na temat wdra\u017cania do odpowiedzialnego stosowania si\u0119 do znak\u00f3w i sygna\u0142\u00f3w drogowych. Opr\u00f3cz tego, podsumowuj\u0105c cykl zabaw dzieci, w my\u015bl pedagogiki zabawy, odpowiada\u0107 b\u0119d\u0105 na pytania: jestem bezpieczny bo&#8230;znam numery na policj\u0119, stra\u017c po\u017carn\u0105 i pogotowie, przechodz\u0119 na zielonym \u015bwietle\u2026. Itp.<\/li>\n<\/ol>\n<p>Bardzo wa\u017cna jest r\u00f3wnie\u017c umiej\u0119tno\u015b\u0107 informowania o zdarzeniu, kt\u00f3rego jest si\u0119 \u015bwiadkiem. Razem z naszymi dzie\u0107mi, poprzez zabaw\u0119, poznawa\u0107 b\u0119dziemy numery alarmowe do odpowiednich s\u0142u\u017cb. Podopieczni dowiedz\u0105 si\u0119, \u017ce musz\u0105 poda\u0107 miejsce zdarzenia, w kt\u00f3rym mia\u0142 miejsce wypadek, kto jest z nim i poda\u0107 swoje imi\u0119 i nazwisko.<\/p>\n<p>W czerwcu podczas obchod\u00f3w Dnia Rodziny wspania\u0142\u0105 atrakcj\u0105 dla dzieci jest wizyta miejscowej jednostki Ochotniczej Stra\u017cy Po\u017carnej. Stra\u017cacy ze szczeg\u00f3lnym zaanga\u017cowaniem prezentuj\u0105 przedszkolakom wyposa\u017cenie wozu bojowego, a tak\u017ce sprz\u0119ty niezb\u0119dne podczas akcji ratunkowych. Przedszkolaki wys\u0142uchaj\u0105 opowie\u015bci o trudnej i niebezpiecznej pracy stra\u017cak\u00f3w, dowiedz\u0105 si\u0119 w jakich okoliczno\u015bciach mo\u017cna wezwa\u0107 stra\u017c oraz, \u017ce stra\u017cacy s\u0142u\u017c\u0105 pomoc\u0105 tak\u017ce podczas wypadk\u00f3w drogowych i kl\u0119sk \u017cywio\u0142owych. Dzieci przez chwil\u0119 b\u0119d\u0105 mog\u0142y wcieli\u0107 si\u0119 w rol\u0119 stra\u017caka zak\u0142adaj\u0105c kask i specjalistyczne kamizelki. Maluchy b\u0119d\u0105 mia\u0142y r\u00f3wnie\u017c mo\u017cliwo\u015b\u0107 z bliska obejrze\u0107 w\u00f3z stra\u017cacki.<\/p>\n<p>R\u00f3wnie wielkim zainteresowaniem cieszy si\u0119 wizyta przedstawicieli Policji , kt\u00f3rzy przypominaj\u0105 dzieciom zasady bezpiecznego poruszania si\u0119 po drodze, korzystania ze \u015brodk\u00f3w transportu oraz obowi\u0105zek noszenia element\u00f3w odblaskowych na ubraniach. Dzieci dowiedz\u0105 si\u0119, do kogo i w jaki spos\u00f3b nale\u017cy zwr\u00f3ci\u0107 si\u0119 o pomoc. Wielkim prze\u017cyciem dla przedszkolak\u00f3w jest mo\u017cliwo\u015b\u0107 obejrzenia samochodu policyjnego oraz jego wyposa\u017cenia.<\/p>\n<p>Wszystkim podj\u0119tym dzia\u0142aniom towarzyszy tw\u00f3rczo\u015b\u0107 plastyczna naszych dzieci &#8211; kolorowanie kolorowanek, malowanie numer\u00f3w alarmowych, wykonywanie pojazd\u00f3w uprzywilejowanych. Dzieci poznaj\u0105 wiersze i piosenki, uczestnicz\u0105 w zabawach ruchowych, czy uk\u0142adaj\u0105 z klock\u00f3w drewnianych \u201eruch uliczny\u201d.<\/p>\n<p>&nbsp;<\/p>\n<p>&nbsp;<\/p>\n","protected":false},"excerpt":{"rendered":"<p>Dzieci z naszego przedszkola kolejny ju\u017c rok b\u0119d\u0105 uczestniczy\u0142y w realizacji programu autorskiego pt. \u201eBezpieczny przedszkolak.\u201d W programie wezm\u0105 udzia\u0142 dzieci w wieku przedszkolnym 3-6 lat . Wiek przedszkolny to czas intensywnego rozwoju fizycznego i umys\u0142owego dziecka. Ju\u017c od najm\u0142odszych lat dzieci wprowadzane s\u0105 w \u015bwiat warto\u015bci dotycz\u0105cych bezpiecze\u0144stwa. W tym czasie chcieli\u015bmy nie tylko&hellip; <br \/> <a class=\"read-more\" href=\"http:\/\/przedszkole.kosowlacki.pl\/wordpress\/o-przedszkolu\/programy\/bezpieczny-przedszkolak\/\">Read more<\/a><\/p>\n","protected":false},"author":1,"featured_media":0,"parent":445,"menu_order":0,"comment_status":"closed","ping_status":"closed","template":"","meta":[],"_links":{"self":[{"href":"http:\/\/przedszkole.kosowlacki.pl\/wordpress\/wp-json\/wp\/v2\/pages\/615"}],"collection":[{"href":"http:\/\/przedszkole.kosowlacki.pl\/wordpress\/wp-json\/wp\/v2\/pages"}],"about":[{"href":"http:\/\/przedszkole.kosowlacki.pl\/wordpress\/wp-json\/wp\/v2\/types\/page"}],"author":[{"embeddable":true,"href":"http:\/\/przedszkole.kosowlacki.pl\/wordpress\/wp-json\/wp\/v2\/users\/1"}],"replies":[{"embeddable":true,"href":"http:\/\/przedszkole.kosowlacki.pl\/wordpress\/wp-json\/wp\/v2\/comments?post=615"}],"version-history":[{"count":1,"href":"http:\/\/przedszkole.kosowlacki.pl\/wordpress\/wp-json\/wp\/v2\/pages\/615\/revisions"}],"predecessor-version":[{"id":617,"href":"http:\/\/przedszkole.kosowlacki.pl\/wordpress\/wp-json\/wp\/v2\/pages\/615\/revisions\/617"}],"up":[{"embeddable":true,"href":"http:\/\/przedszkole.kosowlacki.pl\/wordpress\/wp-json\/wp\/v2\/pages\/445"}],"wp:attachment":[{"href":"http:\/\/przedszkole.kosowlacki.pl\/wordpress\/wp-json\/wp\/v2\/media?parent=615"}],"curies":[{"name":"wp","href":"https:\/\/api.w.org\/{rel}","templated":true}]}}