{"id":567,"date":"2019-09-17T10:21:22","date_gmt":"2019-09-17T08:21:22","guid":{"rendered":"http:\/\/przedszkole.kosowlacki.pl\/wordpress\/?page_id=567"},"modified":"2024-09-16T19:51:51","modified_gmt":"2024-09-16T17:51:51","slug":"kalendarz-imprez","status":"publish","type":"page","link":"http:\/\/przedszkole.kosowlacki.pl\/wordpress\/kalendarz-imprez\/","title":{"rendered":"Kalendarz imprez"},"content":{"rendered":"\t\t<div data-elementor-type=\"wp-page\" data-elementor-id=\"567\" class=\"elementor elementor-567\" data-elementor-settings=\"[]\">\n\t\t\t\t\t\t<div class=\"elementor-inner\">\n\t\t\t\t\t\t\t<div class=\"elementor-section-wrap\">\n\t\t\t\t\t\t\t<section class=\"elementor-section elementor-top-section elementor-element elementor-element-2fa30dbe elementor-section-stretched elementor-section-boxed elementor-section-height-default elementor-section-height-default\" data-id=\"2fa30dbe\" data-element_type=\"section\" data-settings=\"{&quot;stretch_section&quot;:&quot;section-stretched&quot;,&quot;background_background&quot;:&quot;classic&quot;}\">\n\t\t\t\t\t\t<div class=\"elementor-container elementor-column-gap-default\">\n\t\t\t\t\t\t\t<div class=\"elementor-row\">\n\t\t\t\t\t<div class=\"elementor-column elementor-col-100 elementor-top-column elementor-element elementor-element-22dd687a\" data-id=\"22dd687a\" data-element_type=\"column\">\n\t\t\t<div class=\"elementor-column-wrap elementor-element-populated\">\n\t\t\t\t\t\t\t<div class=\"elementor-widget-wrap\">\n\t\t\t\t\t\t<div class=\"elementor-element elementor-element-1ba45850 elementor-widget elementor-widget-text-editor\" data-id=\"1ba45850\" data-element_type=\"widget\" data-widget_type=\"text-editor.default\">\n\t\t\t\t<div class=\"elementor-widget-container\">\n\t\t\t\t\t<div class=\"elementor-text-editor elementor-clearfix\"><table><tbody><tr><td style=\"text-align: right;\" width=\"283\"><strong>\u00a0UROCZYSTO\u015a\u0106<\/strong><\/td><td width=\"279\"><strong>PLANOWANY TERMIN REALIZACJI<\/strong><\/td><\/tr><tr><td style=\"text-align: right;\" width=\"283\">Witamy przedszkole<\/td><td width=\"279\">2 wrze\u015bnia 2024r.<\/td><\/tr><tr><td style=\"text-align: right;\" width=\"283\">Dzie\u0144 Kropki<\/td><td width=\"279\">16 wrze\u015bnia 2024r.<\/td><\/tr><tr><td style=\"text-align: right;\" width=\"283\">Pierwszy Dzie\u0144 Jesieni<\/td><td width=\"279\">23 wrze\u015bnia 2024r.<\/td><\/tr><tr><td style=\"text-align: right;\" width=\"283\">Bezpieczny Przedszkolak<\/td><td width=\"279\">27 wrze\u015bnia 2024r.<\/td><\/tr><tr><td style=\"text-align: right;\" width=\"283\"><p>Dzie\u0144 G\u0142o\u015bnego Czytania po has\u0142em &#8222;Dzie\u0144 \u017byczliwo\u015bci&#8221;<\/p><\/td><td width=\"279\"><p>30 wrze\u015bnia 2024r.<\/p><\/td><\/tr><tr><td style=\"text-align: right;\" width=\"283\">Dzie\u0144 Edukacji Narodowej<\/td><td width=\"279\">14 pa\u017adziernika 2024r.<\/td><\/tr><tr><td style=\"text-align: right;\" width=\"283\">\u015awiatowy Dzie\u0144 Mycia R\u0105k<\/td><td width=\"279\">15 pa\u017adziernika 2024r.<\/td><\/tr><tr><td style=\"text-align: right;\" width=\"283\">Konkurs Recytatorski &#8222;Pi\u0119knie recytuj\u0119&#8221;<\/td><td width=\"279\">pa\u017adziernik\/listopad<\/td><\/tr><tr><td style=\"text-align: right;\" width=\"283\">Dzie\u0144 Ma\u0142ego Patrioty<\/td><td width=\"279\">11 listopada 2024r.<\/td><\/tr><tr><td style=\"text-align: right;\" width=\"283\">Dzie\u0144 Praw Dziecka<\/td><td width=\"279\">20 listopada 2024r.<\/td><\/tr><tr><td style=\"text-align: right;\" width=\"283\">Dzie\u0144 Misia<\/td><td width=\"279\">25 listopada 2024r.<\/td><\/tr><tr><td style=\"text-align: right;\" width=\"283\">Miko\u0142ajkowe Niespodzianki &#8211; \u015awi\u0119to Dobra<\/td><td width=\"279\">06 grudnia 2024r.<\/td><\/tr><tr><td style=\"text-align: right;\" width=\"283\">Jase\u0142ka, Spotkanie Wigilijne<\/td><td width=\"279\">20 grudnia\u00a0 2024r.<\/td><\/tr><tr><td style=\"text-align: right;\" width=\"283\">Bezpieczne Zimowe Zabawy<\/td><td width=\"279\">31 stycznia 2025r.<\/td><\/tr><tr><td style=\"text-align: right;\" width=\"283\">Bal Karnawa\u0142owy\/Dzie\u0144 Postaci z Bajek<\/td><td width=\"279\">stycze\u0144\/luty<\/td><\/tr><tr><td style=\"text-align: right;\" width=\"283\">&#8222;Zdrowy z\u0105bek&#8221; &#8211; spotkanie ze stomatologiem<\/td><td width=\"279\">marzec<\/td><\/tr><tr><td style=\"text-align: right;\" width=\"283\">Dzie\u0144 Kolorowej Skarpetki &#8211; rozwijanie empatii i wra\u017cliwo\u015bci<\/td><td width=\"279\">14 marca 2025r.<\/td><\/tr><tr><td style=\"text-align: right;\" width=\"283\">Pierwszy Dzie\u0144 Wiosny, Dzie\u0144 Wody\u00a0<\/td><td width=\"279\">\u00a021 marca 2025r.<\/td><\/tr><tr><td style=\"text-align: right;\" width=\"283\">Dzie\u0144 Sportu &#8211; rozwijanie sprawno\u015bci fizycznej i nawyku aktywno\u015bci ruchowej\u00a0<\/td><td width=\"279\">\u00a0kwiecie\u0144<\/td><\/tr><tr><td style=\"text-align: right;\" width=\"283\"><p>Zaj\u0105czek wielkanocny<\/p><\/td><td width=\"279\">17 kwietnia 2025r.<\/td><\/tr><\/tbody><\/table><\/div>\n\t\t\t\t<\/div>\n\t\t\t\t<\/div>\n\t\t\t\t<div class=\"elementor-element elementor-element-a7e8ec8 elementor-widget elementor-widget-text-editor\" data-id=\"a7e8ec8\" data-element_type=\"widget\" data-widget_type=\"text-editor.default\">\n\t\t\t\t<div class=\"elementor-widget-container\">\n\t\t\t\t\t<div class=\"elementor-text-editor elementor-clearfix\"><table><tbody><tr><td style=\"text-align: right;\" width=\"283\">Dzie\u0144 Ziemi &#8211; szukamy dobra w sobie i otoczeniu<\/td><td width=\"279\">24 kwietnia 2025r.<\/td><\/tr><tr><td style=\"text-align: right;\" width=\"283\"><p>Dzie\u0144 Flagi<\/p><\/td><td width=\"279\"><p>02 maja 2025r.<\/p><\/td><\/tr><tr><td style=\"text-align: right;\" width=\"283\">Dzie\u0144 Stra\u017caka<\/td><td width=\"279\">07 maja 2025r.<\/td><\/tr><tr><td style=\"text-align: right;\" width=\"283\">Konkurs Piosenki o Zdrowiu<\/td><td width=\"279\">maj<\/td><\/tr><tr><td style=\"text-align: right;\" width=\"283\">Dzie\u0144 Mamy i Taty &#8211;\u00a0 Dzie\u0144 szacunku i \u017cyczliwo\u015bci<\/td><td width=\"279\">26 maja 2025r.<\/td><\/tr><tr><td style=\"text-align: right;\" width=\"283\">Dzie\u0144 Dziecka &#8211; \u015awi\u0119to dobra, tolerancji i u\u015bmiechu<\/td><td width=\"279\">czerwiec<\/td><\/tr><tr><td style=\"text-align: right;\" width=\"283\">Po\u017cegnanie 6-latk\u00f3w<\/td><td width=\"279\">czerwiec<\/td><\/tr><tr><td style=\"text-align: right;\" width=\"283\">\u00a0<\/td><td width=\"279\">\u00a0<\/td><\/tr><\/tbody><\/table><\/div>\n\t\t\t\t<\/div>\n\t\t\t\t<\/div>\n\t\t\t\t\t\t<\/div>\n\t\t\t\t\t<\/div>\n\t\t<\/div>\n\t\t\t\t\t\t\t\t<\/div>\n\t\t\t\t\t<\/div>\n\t\t<\/section>\n\t\t\t\t\t\t<\/div>\n\t\t\t\t\t\t<\/div>\n\t\t\t\t\t<\/div>\n\t\t","protected":false},"excerpt":{"rendered":"<p>\u00a0UROCZYSTO\u015a\u0106 PLANOWANY TERMIN REALIZACJI Witamy przedszkole 2 wrze\u015bnia 2024r. Dzie\u0144 Kropki 16 wrze\u015bnia 2024r. Pierwszy Dzie\u0144 Jesieni 23 wrze\u015bnia 2024r. Bezpieczny Przedszkolak 27 wrze\u015bnia 2024r. Dzie\u0144 G\u0142o\u015bnego Czytania po has\u0142em &#8222;Dzie\u0144 \u017byczliwo\u015bci&#8221; 30 wrze\u015bnia 2024r. Dzie\u0144 Edukacji Narodowej 14 pa\u017adziernika 2024r. \u015awiatowy Dzie\u0144 Mycia R\u0105k 15 pa\u017adziernika 2024r. Konkurs Recytatorski &#8222;Pi\u0119knie recytuj\u0119&#8221; pa\u017adziernik\/listopad Dzie\u0144 Ma\u0142ego&hellip; <br \/> <a class=\"read-more\" href=\"http:\/\/przedszkole.kosowlacki.pl\/wordpress\/kalendarz-imprez\/\">Read more<\/a><\/p>\n","protected":false},"author":1,"featured_media":0,"parent":0,"menu_order":0,"comment_status":"closed","ping_status":"closed","template":"","meta":[],"_links":{"self":[{"href":"http:\/\/przedszkole.kosowlacki.pl\/wordpress\/wp-json\/wp\/v2\/pages\/567"}],"collection":[{"href":"http:\/\/przedszkole.kosowlacki.pl\/wordpress\/wp-json\/wp\/v2\/pages"}],"about":[{"href":"http:\/\/przedszkole.kosowlacki.pl\/wordpress\/wp-json\/wp\/v2\/types\/page"}],"author":[{"embeddable":true,"href":"http:\/\/przedszkole.kosowlacki.pl\/wordpress\/wp-json\/wp\/v2\/users\/1"}],"replies":[{"embeddable":true,"href":"http:\/\/przedszkole.kosowlacki.pl\/wordpress\/wp-json\/wp\/v2\/comments?post=567"}],"version-history":[{"count":50,"href":"http:\/\/przedszkole.kosowlacki.pl\/wordpress\/wp-json\/wp\/v2\/pages\/567\/revisions"}],"predecessor-version":[{"id":18126,"href":"http:\/\/przedszkole.kosowlacki.pl\/wordpress\/wp-json\/wp\/v2\/pages\/567\/revisions\/18126"}],"wp:attachment":[{"href":"http:\/\/przedszkole.kosowlacki.pl\/wordpress\/wp-json\/wp\/v2\/media?parent=567"}],"curies":[{"name":"wp","href":"https:\/\/api.w.org\/{rel}","templated":true}]}}