{"id":465,"date":"2019-07-04T22:54:20","date_gmt":"2019-07-04T20:54:20","guid":{"rendered":"http:\/\/przedszkole.kosowlacki.pl\/wordpress\/?page_id=465"},"modified":"2025-02-11T11:30:37","modified_gmt":"2025-02-11T10:30:37","slug":"koncepcja","status":"publish","type":"page","link":"http:\/\/przedszkole.kosowlacki.pl\/wordpress\/dokumenty\/koncepcja\/","title":{"rendered":"Koncepcja"},"content":{"rendered":"<p align=\"center\"><strong><em>Koncepcja pracy<\/em><\/strong><strong><em> Gminnego Przedszkola<\/em><\/strong><strong><em> w Kosowie Lackim <\/em><\/strong><strong><em>na lata 2019-2024<\/em><\/strong><\/p>\n<p>Koncepcja pracy przedszkola oparta jest na celach i zadaniach zawartych w aktach prawnych: ustawie o systemie o\u015bwiaty oraz aktach wykonawczych<br \/>\ndo ustawy, w tym w szczeg\u00f3lno\u015bci w podstawie programowej wychowania przedszkolnego, Statucie Przedszkola.<\/p>\n<p><strong>Podstawa prawna:<\/strong><\/p>\n<ul>\n<li>Konwencja o prawach dziecka przyj\u0119ta przez Zgromadzenie Og\u00f3lne Narod\u00f3w Zjednoczonych (Dz.U. z 1991 r. Nr 120 poz. 526),<\/li>\n<li>Ustawa z dnia 14 grudnia 2016 r. Prawo o\u015bwiatowe (Dz.U. z 2017 r. poz. 59 ze zm.),<\/li>\n<li>Rozporz\u0105dzenie Ministra Edukacji Narodowej z dnia 14 lutego 2017 r. w sprawie podstawy programowej wychowania przedszkolnego oraz podstawy programowej kszta\u0142cenia og\u00f3lnego dla szko\u0142y podstawowej, w tym dla uczni\u00f3w z\u00a0niepe\u0142nosprawno\u015bci\u0105 intelektualn\u0105 w stopniu umiarkowanym lub znacznym, kszta\u0142cenia og\u00f3lnego dla bran\u017cowej szko\u0142y I stopnia, kszta\u0142cenia og\u00f3lnego dla szko\u0142y specjalnej przysposabiaj\u0105cej do pracy oraz kszta\u0142cenia og\u00f3lnego dla szko\u0142y policealnej (Dz.U. z 2017 r. poz. 356),<\/li>\n<li>Rozporz\u0105dzenie Ministra Edukacji Narodowej z dnia 25 sierpnia 2017 r. w sprawie nadzoru pedagogicznego (Dz.U. z 2024 r. poz. 17),<\/li>\n<li>Rozporz\u0105dzenie Ministra Edukacji Narodowej z dnia 11 sierpnia 2017 r. w sprawie wymaga\u0144 wobec szk\u00f3\u0142 i plac\u00f3wek (Dz.U. z 2017 r. poz. 1611).<\/li>\n<\/ul>\n<p>Tre\u015b\u0107 Koncepcji Pracy Przedszkola dost\u0119pna jest pod poni\u017cszym linkiem:<\/p>\n<p><a href=\"http:\/\/przedszkole.kosowlacki.pl\/wordpress\/wp-content\/uploads\/2025\/02\/Koncepcja-funkcjonowania-i-rozwoju-przedszkola-2.doc\">Koncepcja Pracy Gminnego Przedszkola w Kosowie Lackim na lata 2024-2029<\/a><\/p>\n<p>Koncepcj\u0119 wprowadzono do realizacji na zebraniu Rady Pedagogicznej w dniu 28 listopada 2024r. Zarz\u0105dzenie nr 8\/2025\/2025.<\/p>\n","protected":false},"excerpt":{"rendered":"<p>Koncepcja pracy Gminnego Przedszkola w Kosowie Lackim na lata 2019-2024 Koncepcja pracy przedszkola oparta jest na celach i zadaniach zawartych w aktach prawnych: ustawie o systemie o\u015bwiaty oraz aktach wykonawczych do ustawy, w tym w szczeg\u00f3lno\u015bci w podstawie programowej wychowania przedszkolnego, Statucie Przedszkola. Podstawa prawna: Konwencja o prawach dziecka przyj\u0119ta przez Zgromadzenie Og\u00f3lne Narod\u00f3w Zjednoczonych&hellip; <br \/> <a class=\"read-more\" href=\"http:\/\/przedszkole.kosowlacki.pl\/wordpress\/dokumenty\/koncepcja\/\">Read more<\/a><\/p>\n","protected":false},"author":1,"featured_media":0,"parent":459,"menu_order":0,"comment_status":"closed","ping_status":"closed","template":"","meta":[],"_links":{"self":[{"href":"http:\/\/przedszkole.kosowlacki.pl\/wordpress\/wp-json\/wp\/v2\/pages\/465"}],"collection":[{"href":"http:\/\/przedszkole.kosowlacki.pl\/wordpress\/wp-json\/wp\/v2\/pages"}],"about":[{"href":"http:\/\/przedszkole.kosowlacki.pl\/wordpress\/wp-json\/wp\/v2\/types\/page"}],"author":[{"embeddable":true,"href":"http:\/\/przedszkole.kosowlacki.pl\/wordpress\/wp-json\/wp\/v2\/users\/1"}],"replies":[{"embeddable":true,"href":"http:\/\/przedszkole.kosowlacki.pl\/wordpress\/wp-json\/wp\/v2\/comments?post=465"}],"version-history":[{"count":6,"href":"http:\/\/przedszkole.kosowlacki.pl\/wordpress\/wp-json\/wp\/v2\/pages\/465\/revisions"}],"predecessor-version":[{"id":20133,"href":"http:\/\/przedszkole.kosowlacki.pl\/wordpress\/wp-json\/wp\/v2\/pages\/465\/revisions\/20133"}],"up":[{"embeddable":true,"href":"http:\/\/przedszkole.kosowlacki.pl\/wordpress\/wp-json\/wp\/v2\/pages\/459"}],"wp:attachment":[{"href":"http:\/\/przedszkole.kosowlacki.pl\/wordpress\/wp-json\/wp\/v2\/media?parent=465"}],"curies":[{"name":"wp","href":"https:\/\/api.w.org\/{rel}","templated":true}]}}