{"id":445,"date":"2019-07-04T22:49:33","date_gmt":"2019-07-04T20:49:33","guid":{"rendered":"http:\/\/przedszkole.kosowlacki.pl\/wordpress\/?page_id=445"},"modified":"2024-10-25T11:26:21","modified_gmt":"2024-10-25T09:26:21","slug":"programy","status":"publish","type":"page","link":"http:\/\/przedszkole.kosowlacki.pl\/wordpress\/o-przedszkolu\/programy\/","title":{"rendered":"Programy, innowacje"},"content":{"rendered":"\t\t<div data-elementor-type=\"wp-page\" data-elementor-id=\"445\" class=\"elementor elementor-445\" data-elementor-settings=\"[]\">\n\t\t\t\t\t\t<div class=\"elementor-inner\">\n\t\t\t\t\t\t\t<div class=\"elementor-section-wrap\">\n\t\t\t\t\t\t\t<section class=\"elementor-section elementor-top-section elementor-element elementor-element-62010dcd elementor-section-boxed elementor-section-height-default elementor-section-height-default\" data-id=\"62010dcd\" data-element_type=\"section\">\n\t\t\t\t\t\t<div class=\"elementor-container elementor-column-gap-default\">\n\t\t\t\t\t\t\t<div class=\"elementor-row\">\n\t\t\t\t\t<div class=\"elementor-column elementor-col-100 elementor-top-column elementor-element elementor-element-740cb5e6\" data-id=\"740cb5e6\" data-element_type=\"column\">\n\t\t\t<div class=\"elementor-column-wrap elementor-element-populated\">\n\t\t\t\t\t\t\t<div class=\"elementor-widget-wrap\">\n\t\t\t\t\t\t<div class=\"elementor-element elementor-element-3eb970a elementor-widget elementor-widget-text-editor\" data-id=\"3eb970a\" data-element_type=\"widget\" data-widget_type=\"text-editor.default\">\n\t\t\t\t<div class=\"elementor-widget-container\">\n\t\t\t\t\t<div class=\"elementor-text-editor elementor-clearfix\"><ul>\n<li>\n<h3><a href=\"http:\/\/przedszkole.kosowlacki.pl\/wordpress\/o-przedszkolu\/programy\/bezpieczny-przedszkolak\/\">Bezpieczny przedszkolak<\/a><\/h3>\n<\/li>\n<li>\n<h3><a href=\"http:\/\/przedszkole.kosowlacki.pl\/wordpress\/o-przedszkolu\/programy\/przedszkolak-w-swiecie-bajek\/\">Przedszkolak w \u015bwiecie bajek<\/a><\/h3>\n<\/li>\n<li>\n<h3><a href=\"http:\/\/przedszkole.kosowlacki.pl\/wordpress\/chron-sie-przed-kleszczami-wszelkimi-sposobami\/\">Chro\u0144 si\u0119 przed kleszczami wszelkimi sposobami<\/a><\/h3>\n<\/li>\n<li>\n<h3><a href=\"http:\/\/przedszkole.kosowlacki.pl\/wordpress\/czyste-powietrze-wokol-nas\/\">Czyste powietrze wok\u00f3\u0142 nas<\/a><\/h3>\n<\/li>\n<li>\n<h3><a href=\"http:\/\/przedszkole.kosowlacki.pl\/wordpress\/o-przedszkolu\/programy\/dziecko-zdolne-w-przedszkolu\/\">Dziecko zdolne w przedszkolu<\/a><\/h3>\n<\/li>\n<li>\n<h3>Dbam o przyrod\u0119<\/h3>\n<\/li>\n<li>\n<h3><a href=\"http:\/\/przedszkole.kosowlacki.pl\/wordpress\/mamo-tato-wole-wode\/\">Mamo, tato wol\u0119 wod\u0119<\/a><\/h3>\n<\/li>\n<li>\n<h3><a href=\"http:\/\/przedszkole.kosowlacki.pl\/wordpress\/kreseczka-tu-kreseczka-tam\/\">Kreseczka tu, kreseczka tam<\/a><\/h3>\n<\/li>\n<li>\n<h3><a href=\"http:\/\/przedszkole.kosowlacki.pl\/wordpress\/zdrowa-buzie-oraz-brzuszek-ma-kazdy-maluszek\/\">Zdrow\u0105 buzi\u0119 oraz brzuszek ma ka\u017cdy maluszek<\/a><\/h3>\n<\/li>\n<li>\n<h3><a href=\"http:\/\/przedszkole.kosowlacki.pl\/wordpress\/o-przedszkolu\/programy\/wspomaganie-wszechstronnego-rozwoju-dzieci-wyrownywanie-szans-edukacyjnych-w-grupie-dzieci-3-6-letnich\/\">Wspomaganie wszechstronnego rozwoju dzieci \u2013 wyr\u00f3wnywanie szans edukacyjnych w grupie dzieci 3-6 \u2013 letnich<\/a><\/h3>\n<\/li>\n<li>\n<h3><a href=\"http:\/\/przedszkole.kosowlacki.pl\/wordpress\/o-przedszkolu\/programy\/przedszkole-czas-start-wesoly-3-latek\/\">Przedszkole czas start! Weso\u0142y 3-latek<\/a><br><\/h3>\n<\/li>\n<\/ul><\/div>\n\t\t\t\t<\/div>\n\t\t\t\t<\/div>\n\t\t\t\t\t\t<\/div>\n\t\t\t\t\t<\/div>\n\t\t<\/div>\n\t\t\t\t\t\t\t\t<\/div>\n\t\t\t\t\t<\/div>\n\t\t<\/section>\n\t\t\t\t\t\t<\/div>\n\t\t\t\t\t\t<\/div>\n\t\t\t\t\t<\/div>\n\t\t","protected":false},"excerpt":{"rendered":"<p>Bezpieczny przedszkolak Przedszkolak w \u015bwiecie bajek Chro\u0144 si\u0119 przed kleszczami wszelkimi sposobami Czyste powietrze wok\u00f3\u0142 nas Dziecko zdolne w przedszkolu Dbam o przyrod\u0119 Mamo, tato wol\u0119 wod\u0119 Kreseczka tu, kreseczka tam Zdrow\u0105 buzi\u0119 oraz brzuszek ma ka\u017cdy maluszek Wspomaganie wszechstronnego rozwoju dzieci \u2013 wyr\u00f3wnywanie szans edukacyjnych w grupie dzieci 3-6 \u2013 letnich Przedszkole czas start!&hellip; <br \/> <a class=\"read-more\" href=\"http:\/\/przedszkole.kosowlacki.pl\/wordpress\/o-przedszkolu\/programy\/\">Read more<\/a><\/p>\n","protected":false},"author":1,"featured_media":0,"parent":417,"menu_order":0,"comment_status":"closed","ping_status":"closed","template":"pro\/page-templates\/full-width-page.php","meta":[],"_links":{"self":[{"href":"http:\/\/przedszkole.kosowlacki.pl\/wordpress\/wp-json\/wp\/v2\/pages\/445"}],"collection":[{"href":"http:\/\/przedszkole.kosowlacki.pl\/wordpress\/wp-json\/wp\/v2\/pages"}],"about":[{"href":"http:\/\/przedszkole.kosowlacki.pl\/wordpress\/wp-json\/wp\/v2\/types\/page"}],"author":[{"embeddable":true,"href":"http:\/\/przedszkole.kosowlacki.pl\/wordpress\/wp-json\/wp\/v2\/users\/1"}],"replies":[{"embeddable":true,"href":"http:\/\/przedszkole.kosowlacki.pl\/wordpress\/wp-json\/wp\/v2\/comments?post=445"}],"version-history":[{"count":51,"href":"http:\/\/przedszkole.kosowlacki.pl\/wordpress\/wp-json\/wp\/v2\/pages\/445\/revisions"}],"predecessor-version":[{"id":18807,"href":"http:\/\/przedszkole.kosowlacki.pl\/wordpress\/wp-json\/wp\/v2\/pages\/445\/revisions\/18807"}],"up":[{"embeddable":true,"href":"http:\/\/przedszkole.kosowlacki.pl\/wordpress\/wp-json\/wp\/v2\/pages\/417"}],"wp:attachment":[{"href":"http:\/\/przedszkole.kosowlacki.pl\/wordpress\/wp-json\/wp\/v2\/media?parent=445"}],"curies":[{"name":"wp","href":"https:\/\/api.w.org\/{rel}","templated":true}]}}