{"id":437,"date":"2019-07-04T22:47:46","date_gmt":"2019-07-04T20:47:46","guid":{"rendered":"http:\/\/przedszkole.kosowlacki.pl\/wordpress\/?page_id=437"},"modified":"2025-09-02T08:41:57","modified_gmt":"2025-09-02T06:41:57","slug":"rada-rodzicow","status":"publish","type":"page","link":"http:\/\/przedszkole.kosowlacki.pl\/wordpress\/o-przedszkolu\/rada-rodzicow\/","title":{"rendered":"Rada rodzic\u00f3w"},"content":{"rendered":"<p style=\"text-align: center;\"><strong>PRZEWODNICZ\u0104CA<\/strong><\/p>\n<p style=\"text-align: center;\">Aneta Oleszczuk<\/p>\n<p style=\"text-align: center;\"><strong>ZAST\u0118PCA PRZEWODNICZ\u0104CEJ<\/strong><\/p>\n<p style=\"text-align: center;\">Agnieszka Poziarska<\/p>\n<p style=\"text-align: center;\"><strong>SEKRETARZ<\/strong><\/p>\n<p style=\"text-align: center;\">Ewa Grelik<\/p>\n<p style=\"text-align: center;\"><strong>SKARBNIK<\/strong><\/p>\n<p style=\"text-align: center;\">Anna Godlewska<\/p>\n<p style=\"text-align: left;\">Wp\u0142aty na Rad\u0119 Rodzic\u00f3w nale\u017cy wp\u0142aca\u0107 na konto bankowe.<\/p>\n<p>Numer konta bankowego:<\/p>\n<p><strong>84 9221 0000 0044 8248 3000 0010\u00a0<\/strong><\/p>\n<p>W tytule przelewu nale\u017cy poda\u0107: <strong>Imi\u0119 i nazwisko dziecka oraz grup\u0119.<\/strong><\/p>\n","protected":false},"excerpt":{"rendered":"<p>PRZEWODNICZ\u0104CA Aneta Oleszczuk ZAST\u0118PCA PRZEWODNICZ\u0104CEJ Agnieszka Poziarska SEKRETARZ Ewa Grelik SKARBNIK Anna Godlewska Wp\u0142aty na Rad\u0119 Rodzic\u00f3w nale\u017cy wp\u0142aca\u0107 na konto bankowe. Numer konta bankowego: 84 9221 0000 0044 8248 3000 0010\u00a0 W tytule przelewu nale\u017cy poda\u0107: Imi\u0119 i nazwisko dziecka oraz grup\u0119.<\/p>\n","protected":false},"author":1,"featured_media":0,"parent":417,"menu_order":0,"comment_status":"closed","ping_status":"closed","template":"","meta":[],"_links":{"self":[{"href":"http:\/\/przedszkole.kosowlacki.pl\/wordpress\/wp-json\/wp\/v2\/pages\/437"}],"collection":[{"href":"http:\/\/przedszkole.kosowlacki.pl\/wordpress\/wp-json\/wp\/v2\/pages"}],"about":[{"href":"http:\/\/przedszkole.kosowlacki.pl\/wordpress\/wp-json\/wp\/v2\/types\/page"}],"author":[{"embeddable":true,"href":"http:\/\/przedszkole.kosowlacki.pl\/wordpress\/wp-json\/wp\/v2\/users\/1"}],"replies":[{"embeddable":true,"href":"http:\/\/przedszkole.kosowlacki.pl\/wordpress\/wp-json\/wp\/v2\/comments?post=437"}],"version-history":[{"count":11,"href":"http:\/\/przedszkole.kosowlacki.pl\/wordpress\/wp-json\/wp\/v2\/pages\/437\/revisions"}],"predecessor-version":[{"id":22032,"href":"http:\/\/przedszkole.kosowlacki.pl\/wordpress\/wp-json\/wp\/v2\/pages\/437\/revisions\/22032"}],"up":[{"embeddable":true,"href":"http:\/\/przedszkole.kosowlacki.pl\/wordpress\/wp-json\/wp\/v2\/pages\/417"}],"wp:attachment":[{"href":"http:\/\/przedszkole.kosowlacki.pl\/wordpress\/wp-json\/wp\/v2\/media?parent=437"}],"curies":[{"name":"wp","href":"https:\/\/api.w.org\/{rel}","templated":true}]}}