{"id":2802,"date":"2020-05-12T08:56:33","date_gmt":"2020-05-12T06:56:33","guid":{"rendered":"http:\/\/przedszkole.kosowlacki.pl\/wordpress\/?page_id=2802"},"modified":"2024-10-07T14:37:29","modified_gmt":"2024-10-07T12:37:29","slug":"dokumenty","status":"publish","type":"page","link":"http:\/\/przedszkole.kosowlacki.pl\/wordpress\/klub-dzieciecy\/dokumenty\/","title":{"rendered":"Dokumenty"},"content":{"rendered":"<ol>\n<li><a href=\"http:\/\/przedszkole.kosowlacki.pl\/wordpress\/wp-content\/uploads\/2024\/03\/Uchwala-statut.pdf\">Statut Klubu Dzieci\u0119cego w Kosowie Lackim<\/a><\/li>\n<li><a href=\"http:\/\/przedszkole.kosowlacki.pl\/wordpress\/wp-content\/uploads\/2024\/03\/Uchwala-zmiana-statut.pdf\">Zmiana Statutu Klubu Dzieci\u0119cego w Kosowie Lackim<\/a><\/li>\n<li><a href=\"http:\/\/przedszkole.kosowlacki.pl\/wordpress\/wp-content\/uploads\/2020\/05\/1.KOMUNIKAT-klub.docx\">KOMUNIKAT DLA RODZIC\u00d3W \/ OPIEKUN\u00d3W PRAWNYCH DZIECKA &#8211; wytyczne dla instytucji opieki nad dzie\u0107mi w wieku do lat 3: Ministerstwa Zdrowia, Ministerstwa Rodziny Pracy i Polityki Spo\u0142ecznej oraz Pa\u0144stwowej Inspekcji Sanitarnej<\/a><\/li>\n<li><a href=\"http:\/\/przedszkole.kosowlacki.pl\/wordpress\/wp-content\/uploads\/2020\/05\/2.-procedura-COVIN-klub.docx\">Wewn\u0119trzne procedury bezpiecze\u0144stwa w klubie dzieci\u0119cym w Kosowie Lackim zwi\u0105zane z zaistnia\u0142\u0105 sytuacj\u0105 epidemiologiczn\u0105<\/a><\/li>\n<li><a href=\"http:\/\/przedszkole.kosowlacki.pl\/wordpress\/wp-content\/uploads\/2020\/05\/3.-Proc-w-razie-zaka\u017c-klub.docx\">Procedura post\u0119powania w przypadku podejrzenia zaka\u017cenia COVID-19<\/a><\/li>\n<li><a href=\"http:\/\/przedszkole.kosowlacki.pl\/wordpress\/wp-content\/uploads\/2020\/05\/4.-DEKLARACJA-RODZIC\u00d3W-klub-covid.docx\">Deklaracja rodzic\u00f3w<\/a><\/li>\n<li><a href=\"http:\/\/przedszkole.kosowlacki.pl\/wordpress\/wp-content\/uploads\/2024\/10\/Klub-Polityka-i-standardy-ochrony-maloletnich-2024.pdf\">Polityka i standardy ochrony ma\u0142oletnich w Klubie Dzieci\u0119cym w Kosowie Lackim<\/a><\/li>\n<\/ol>\n","protected":false},"excerpt":{"rendered":"<p>Statut Klubu Dzieci\u0119cego w Kosowie Lackim Zmiana Statutu Klubu Dzieci\u0119cego w Kosowie Lackim KOMUNIKAT DLA RODZIC\u00d3W \/ OPIEKUN\u00d3W PRAWNYCH DZIECKA &#8211; wytyczne dla instytucji opieki nad dzie\u0107mi w wieku do lat 3: Ministerstwa Zdrowia, Ministerstwa Rodziny Pracy i Polityki Spo\u0142ecznej oraz Pa\u0144stwowej Inspekcji Sanitarnej Wewn\u0119trzne procedury bezpiecze\u0144stwa w klubie dzieci\u0119cym w Kosowie Lackim zwi\u0105zane z&hellip; <br \/> <a class=\"read-more\" href=\"http:\/\/przedszkole.kosowlacki.pl\/wordpress\/klub-dzieciecy\/dokumenty\/\">Read more<\/a><\/p>\n","protected":false},"author":1,"featured_media":0,"parent":1789,"menu_order":0,"comment_status":"closed","ping_status":"closed","template":"","meta":[],"_links":{"self":[{"href":"http:\/\/przedszkole.kosowlacki.pl\/wordpress\/wp-json\/wp\/v2\/pages\/2802"}],"collection":[{"href":"http:\/\/przedszkole.kosowlacki.pl\/wordpress\/wp-json\/wp\/v2\/pages"}],"about":[{"href":"http:\/\/przedszkole.kosowlacki.pl\/wordpress\/wp-json\/wp\/v2\/types\/page"}],"author":[{"embeddable":true,"href":"http:\/\/przedszkole.kosowlacki.pl\/wordpress\/wp-json\/wp\/v2\/users\/1"}],"replies":[{"embeddable":true,"href":"http:\/\/przedszkole.kosowlacki.pl\/wordpress\/wp-json\/wp\/v2\/comments?post=2802"}],"version-history":[{"count":4,"href":"http:\/\/przedszkole.kosowlacki.pl\/wordpress\/wp-json\/wp\/v2\/pages\/2802\/revisions"}],"predecessor-version":[{"id":18572,"href":"http:\/\/przedszkole.kosowlacki.pl\/wordpress\/wp-json\/wp\/v2\/pages\/2802\/revisions\/18572"}],"up":[{"embeddable":true,"href":"http:\/\/przedszkole.kosowlacki.pl\/wordpress\/wp-json\/wp\/v2\/pages\/1789"}],"wp:attachment":[{"href":"http:\/\/przedszkole.kosowlacki.pl\/wordpress\/wp-json\/wp\/v2\/media?parent=2802"}],"curies":[{"name":"wp","href":"https:\/\/api.w.org\/{rel}","templated":true}]}}