{"id":18560,"date":"2024-10-07T13:40:50","date_gmt":"2024-10-07T11:40:50","guid":{"rendered":"http:\/\/przedszkole.kosowlacki.pl\/wordpress\/?page_id=18560"},"modified":"2024-10-20T19:32:38","modified_gmt":"2024-10-20T17:32:38","slug":"przedszkole-czas-start-wesoly-3-latek","status":"publish","type":"page","link":"http:\/\/przedszkole.kosowlacki.pl\/wordpress\/o-przedszkolu\/programy\/przedszkole-czas-start-wesoly-3-latek\/","title":{"rendered":"Przedszkole czas start! Weso\u0142y 3-latek"},"content":{"rendered":"<p>Adaptacja jest to przystosowanie si\u0119 dziecka do funkcjonowania w nowym \u015brodowisku. Towarzyszy temu l\u0119k, poczucie utraty bezpiecze\u0144stwa, og\u00f3lne rozdra\u017cnienie i z\u0142e samopoczucie.<br \/>\nPierwsze dni a nawet tygodnie w przedszkolu to sytuacja wzbudzaj\u0105ca silne emocje w ca\u0142ej rodzinie. Dziecko czuje si\u0119 wyrwane z dotychczasowego uk\u0142adu, kt\u00f3ry gwarantuje mu poczucie stabilno\u015bci, bezpiecze\u0144stwa i rozumienie tego co dzieje si\u0119 wok\u00f3\u0142 niego. Z dnia na dzie\u0144 zostaje wprowadzone w nieznany \u015bwiat: nowe otoczenie, przestrze\u0144, zwyczaje. W konsekwencji maluch nie jest w stanie kontrolowa\u0107 sytuacji i odczuwa j\u0105 jako zagro\u017cenie, cz\u0119sto reaguje p\u0142aczem, wycofaniem, miewa trudno\u015bci w funkcjonowaniu, kt\u00f3re mog\u0105 prowadzi\u0107 do l\u0119ku, a czasami nawet do urazu psychicznego.<br \/>\nBardzo wa\u017cne jest, aby pierwsze do\u015bwiadczenia dziecka z przedszkolem przebiega\u0142y w atmosferze bezpiecze\u0144stwa, spokoju i \u0142agodno\u015bci. \u017beby proces adaptacji przebiega\u0142 sprawnie i trwa\u0142 jak najkr\u00f3cej musi istnie\u0107 \u015bcis\u0142a wsp\u00f3\u0142praca mi\u0119dzy rodzicami a pracownikami przedszkola. Wsp\u00f3\u0142praca ta powinna by\u0107 przemy\u015blana, zorganizowana, oparta na ustalonych zasadach i maj\u0105ca na celu osi\u0105gni\u0119cie okre\u015blonych efekt\u00f3w.<br \/>\nPlan adaptacyjny jest dzia\u0142aniem pedagogicznym, kt\u00f3re sprzyja roz\u0142adowaniu negatywnych dozna\u0144 dziecka wywo\u0142anych gwa\u0142townym rozstaniem z rodzicami i brakiem wiedzy o nowym \u015brodowisku. W\u0142\u0105czenie najbli\u017cszych w poznawanie przez dziecko nowego \u015brodowiska wychowawczego u\u0142atwi mu nawi\u0105zanie kontaktu z nauczycielkami i r\u00f3wie\u015bnikami w warunkach komfortu psychicznego.<\/p>\n<p><strong>ZA\u0141O\u017bENIA PROGRAMU<\/strong><br \/>\nProgram realizowany b\u0119dzie w najm\u0142odszej grupie 3 -latk\u00f3w od roku szkolnego 2024\/2025<\/p>\n<p><strong>Cele g\u0142\u00f3wne programu adaptacyjnego:<\/strong><br \/>\n1. Pomoc dzieciom w adaptacji do nowych warunk\u00f3w w przedszkolu.<br \/>\n2. Integracja grupy przedszkolnej.<br \/>\n3. Tworzenie radosnej i serdecznej atmosfery.<\/p>\n<p><strong>Cele szczeg\u00f3\u0142owe:<\/strong><br \/>\n\u2022 poznanie potrzeb i mo\u017cliwo\u015bci rozwojowych nowych wychowank\u00f3w,<br \/>\n\u2022 skr\u00f3cenie jego adaptacji do warunk\u00f3w przedszkolnych,<br \/>\n\u2022 zmniejszenie l\u0119ku przed rozstaniem z rodzicami,<br \/>\n\u2022 poznanie swoich wychowawczy\u0144 i innych pracownik\u00f3w przedszkola,<br \/>\n\u2022 poznanie sali i otoczenia przedszkola,<br \/>\n\u2022 rozwijanie umiej\u0119tno\u015bci spo\u0142ecznych,<br \/>\n\u2022 rozumienie i stosowanie norm i zasad \u017cycia w grupie<br \/>\n\u2022 wspomaganie dziecka w opanowaniu czynno\u015bci samoobs\u0142ugowych,<br \/>\n\u2022 przystosowanie dziecka do nowego \u015brodowiska,<br \/>\n\u2022 wspomaganie dziecka w budowaniu pozytywnego obrazu siebie,<br \/>\n\u2022 nabywanie przez dziecko poczucia w\u0142asnej warto\u015bci,<br \/>\n\u2022 zapoznanie si\u0119 z potrzebami i oczekiwaniami rodzic\u00f3w,<br \/>\n\u2022 zawi\u0105zanie bliskiego, serdecznego kontaktu w relacjach nauczyciel-dziecko, nauczyciel-rodzic,<br \/>\n\u2022 przygotowanie rodzic\u00f3w do udzielania dziecku wsparcia,<br \/>\n\u2022 zapoznanie rodzic\u00f3w z ramowym rozk\u0142adem dnia oraz pomieszczeniami przedszkola<\/p>\n<p><strong>ZADANIE PROGRAMU ADAPTACYJNEGO: <\/strong><\/p>\n<ol>\n<li>Skr\u00f3cenie okresu adaptacji dzieci 3-letnich do przedszkola.<\/li>\n<li>U\u0142atwienie dzieciom przekroczenia progu dom \u2013 przedszkole.<\/li>\n<li>Przedstawienie dzieciom odpoczynku jako co\u015b atrakcyjnego, \u0142\u0105czenie le\u017cakowania z czytaniem bajek, s\u0142uchaniem bajek i muzyki relaksacyjnej itp.<\/li>\n<li>Nawi\u0105zanie relacji z rodzicami, kt\u00f3ra ma u\u0142atwi\u0107 dalsza wsp\u00f3\u0142prac\u0119.<\/li>\n<\/ol>\n<p>&nbsp;<\/p>\n","protected":false},"excerpt":{"rendered":"<p>Adaptacja jest to przystosowanie si\u0119 dziecka do funkcjonowania w nowym \u015brodowisku. Towarzyszy temu l\u0119k, poczucie utraty bezpiecze\u0144stwa, og\u00f3lne rozdra\u017cnienie i z\u0142e samopoczucie. Pierwsze dni a nawet tygodnie w przedszkolu to sytuacja wzbudzaj\u0105ca silne emocje w ca\u0142ej rodzinie. Dziecko czuje si\u0119 wyrwane z dotychczasowego uk\u0142adu, kt\u00f3ry gwarantuje mu poczucie stabilno\u015bci, bezpiecze\u0144stwa i rozumienie tego co dzieje&hellip; <br \/> <a class=\"read-more\" href=\"http:\/\/przedszkole.kosowlacki.pl\/wordpress\/o-przedszkolu\/programy\/przedszkole-czas-start-wesoly-3-latek\/\">Read more<\/a><\/p>\n","protected":false},"author":8,"featured_media":0,"parent":445,"menu_order":0,"comment_status":"closed","ping_status":"closed","template":"","meta":[],"_links":{"self":[{"href":"http:\/\/przedszkole.kosowlacki.pl\/wordpress\/wp-json\/wp\/v2\/pages\/18560"}],"collection":[{"href":"http:\/\/przedszkole.kosowlacki.pl\/wordpress\/wp-json\/wp\/v2\/pages"}],"about":[{"href":"http:\/\/przedszkole.kosowlacki.pl\/wordpress\/wp-json\/wp\/v2\/types\/page"}],"author":[{"embeddable":true,"href":"http:\/\/przedszkole.kosowlacki.pl\/wordpress\/wp-json\/wp\/v2\/users\/8"}],"replies":[{"embeddable":true,"href":"http:\/\/przedszkole.kosowlacki.pl\/wordpress\/wp-json\/wp\/v2\/comments?post=18560"}],"version-history":[{"count":3,"href":"http:\/\/przedszkole.kosowlacki.pl\/wordpress\/wp-json\/wp\/v2\/pages\/18560\/revisions"}],"predecessor-version":[{"id":18775,"href":"http:\/\/przedszkole.kosowlacki.pl\/wordpress\/wp-json\/wp\/v2\/pages\/18560\/revisions\/18775"}],"up":[{"embeddable":true,"href":"http:\/\/przedszkole.kosowlacki.pl\/wordpress\/wp-json\/wp\/v2\/pages\/445"}],"wp:attachment":[{"href":"http:\/\/przedszkole.kosowlacki.pl\/wordpress\/wp-json\/wp\/v2\/media?parent=18560"}],"curies":[{"name":"wp","href":"https:\/\/api.w.org\/{rel}","templated":true}]}}